{"id":3352,"date":"2022-07-29T11:41:37","date_gmt":"2022-07-29T09:41:37","guid":{"rendered":"https:\/\/beyond-the-sea.com\/mentions-legales\/"},"modified":"2025-01-08T08:23:53","modified_gmt":"2025-01-08T07:23:53","slug":"mentions-legales","status":"publish","type":"page","link":"https:\/\/beyond-the-sea.com\/en\/mentions-legales\/","title":{"rendered":"Mentions l\u00e9gales"},"content":{"rendered":"\n<h2 class=\"wp-block-heading\">INFORMATIONS L\u00c9GALES<\/h2>\n\n\n\n<p>Le site internet beyond-the-sea.com est la propri\u00e9t\u00e9 de :\u00a0<\/p>\n\n\n\n<p><strong>BEYOND THE SEA,<\/strong> Soci\u00e9t\u00e9 par Actions simplifi\u00e9e,<br>ayant son si\u00e8ge au 1010 Avenue de l\u2019Europe 33260 La Teste de Buch.<br>Immatricul\u00e9e sous le num\u00e9ro de SIREN : 803617166<br>T\u00e9l\u00e9phone : 07 68 47 27 52<br>Site Web : <a href=\"https:\/\/beyond-the-sea.com\/en\/\">beyond-the-sea.com<\/a><\/p>\n\n\n\n<h3 class=\"wp-block-heading\">H\u00e9bergement, DATACAMPUS<\/h3>\n\n\n\n<p>DATACAMPUS, soci\u00e9t\u00e9 par actions simplifi\u00e9e au capital de 100 000 euro<br>35 Rue du Grand Puits \u2013 79230 VOUILLE<br>RCS 799 902 051 RCS NIORT<\/p>\n\n\n\n<h3 class=\"wp-block-heading\">Conception et d\u00e9veloppement<\/h3>\n\n\n\n<p><strong>BEYOND THE SEA,<\/strong> Soci\u00e9t\u00e9 par Actions simplifi\u00e9e,<br>ayant son si\u00e8ge au 1010 Avenue de l\u2019Europe 33260 La Teste de Buch.<br>Immatricul\u00e9e sous le num\u00e9ro de SIREN : 803617166<br>Conception : Lorine Tracol &amp; Olivier TERLEZ<br>D\u00e9veloppeur Externe : Lucas Pozzer Freelance<\/p>\n\n\n\n<h2 class=\"wp-block-heading\">CONDITIONS G\u00c9N\u00c9RALES D\u2019UTILISATION<\/h2>\n\n\n\n<p>L\u2019utilisateur reconna\u00eet avoir pris connaissance des pr\u00e9sentes conditions g\u00e9n\u00e9rales d\u2019utilisation&nbsp;et s\u2019engage \u00e0 les respecter. Beyond the Sea se r\u00e9serve le droit de modifier la pr\u00e9sente notice \u00e0 tout moment. L\u2019utilisateur s\u2019engage donc \u00e0 la consulter r\u00e9guli\u00e8rement.<\/p>\n\n\n\n<p>Dans l\u2019hypoth\u00e8se o\u00f9 vous acc\u00e9deriez \u00e0 ce site \u00e0 partir d\u2019un autre Etat que la France, vous vous engagez \u00e0 vous assurer \u00e9galement du respect de la l\u00e9gislation localement applicable.<\/p>\n\n\n\n<h2 class=\"wp-block-heading\">CONTENU DU PORTAIL<\/h2>\n\n\n\n<p>Les informations fournies sur le site de Beyond the Sea le sont \u00e0 titre informatif et indicatif.<\/p>\n\n\n\n<p>Beyond the Sea ne saurait garantir l\u2019exactitude, la compl\u00e9tude, l\u2019actualit\u00e9 des informations&nbsp;diffus\u00e9es sur le site. Elles ne sauraient dispenser l\u2019utilisateur d\u2019une analyse compl\u00e9mentaire et adapt\u00e9e. Beyond the Sea ne saurait donc \u00eatre tenu responsable des erreurs ou omissions, d\u2019une absence de disponibilit\u00e9 des informations et des services.<\/p>\n\n\n\n<p>N\u00e9anmoins, si vous constatez une lacune, erreur ou ce qui parait \u00eatre un dysfonctionnement,&nbsp;merci de bien vouloir le signaler par email, \u00e0 l\u2019adresse contact@beyond-the-sea.com en d\u00e9crivant le probl\u00e8me de la mani\u00e8re la plus pr\u00e9cise possible (page posant probl\u00e8me, type d\u2019ordinateur et de navigateur utilis\u00e9, capture d\u2019\u00e9cran\u2026).<\/p>\n\n\n\n<p>L\u2019utilisateur reconna\u00eet utiliser ces informations sous sa responsabilit\u00e9 exclusive. Beyond the Sea ne saurait \u00eatre tenu pour responsable des dommages directs ou indirects qui pourraient r\u00e9sulter de l\u2019acc\u00e8s ou de l\u2019utilisation du portail Beyond-the-Sea.com, y compris l\u2019inaccessibilit\u00e9, les pertes de donn\u00e9es, et\/ou la pr\u00e9sence de virus sur le site, sans que cette liste soit exhaustive.<\/p>\n\n\n\n<p>De plus, l\u2019utilisateur du site s\u2019engage \u00e0 acc\u00e9der au site en utilisant un mat\u00e9riel r\u00e9cent, ne contenant pas de virus et avec un navigateur de derni\u00e8re g\u00e9n\u00e9ration mis-\u00e0-jour.<\/p>\n\n\n\n<h2 class=\"wp-block-heading\">INFORMATIQUE ET LIBERT\u00c9S<\/h2>\n\n\n\n<p>Voir notre page : <a href=\"https:\/\/beyond-the-sea.com\/en\/?page_id=5561\">Politique de confidentialit\u00e9<\/a><\/p>\n\n\n\n<h2 class=\"wp-block-heading\">DELEGUE A LA PROTECTION DES DONNEES (DPO)<\/h2>\n\n\n\n<p>Voir notre page : <a href=\"https:\/\/beyond-the-sea.com\/en\/?page_id=5561\">Politique de confidentialit\u00e9<\/a><\/p>\n\n\n\n<h2 class=\"wp-block-heading\">TEMOINS DE CONNEXION (COOKIES)<\/h2>\n\n\n\n<p>Voir notre page : <a href=\"https:\/\/beyond-the-sea.com\/en\/?page_id=5561#tarteaucitron\">Gestion des cookies<\/a><\/p>\n\n\n\n<h2 class=\"wp-block-heading\">PROPRI\u00c9T\u00c9 INTELLECTUELLE<\/h2>\n\n\n\n<p>Toute reproduction ou repr\u00e9sentation totale ou partielle, seules ou int\u00e9gr\u00e9es \u00e0 d\u2019autres \u00e9l\u00e9ments, sans l\u2019autorisation \u00e9crite, expresse et pr\u00e9alable de Beyond the Sea en est strictement interdite. La structure g\u00e9n\u00e9rale, les logiciels, textes, images, vid\u00e9os, sons, savoir-faire, animations, et plus g\u00e9n\u00e9ralement toutes les informations et contenus figurant sur le site.<\/p>\n\n\n\n<p>Beyond the Sea, sont la propri\u00e9t\u00e9 de Beyond the Sea ou ont l\u2019objet d\u2019un droit d\u2019utilisation ou d\u2019exploitation. Ces \u00e9l\u00e9ments sont soumis \u00e0 la l\u00e9gislation prot\u00e9geant le droit d\u2019auteur.<\/p>\n\n\n\n<p>Toute repr\u00e9sentation, modification, reproduction, d\u00e9naturation, totale ou partielle, de tout ou partie du site ou de son contenu, par quelque proc\u00e9d\u00e9 que ce soit, et sur quelque support que ce soit constituerait une contrefa\u00e7on sanctionn\u00e9e par les articles L 335-2 et suivants du&nbsp;Code de la Propri\u00e9t\u00e9 Intellectuelle. .<\/p>\n\n\n\n<p>Dans l\u2019hypoth\u00e8se o\u00f9 vous souhaiteriez utiliser un des contenus du site (texte, image\u2026), vous&nbsp;devez obtenir l\u2019autorisation \u00e9crite, expresse et pr\u00e9alable de Beyond the Sea, en \u00e9crivant \u00e0&nbsp;l\u2019adresse mail : contact@beyond-the-sea.com .<\/p>\n\n\n\n<ul class=\"wp-block-list\"><\/ul>\n\n\n\n<h2 class=\"wp-block-heading\">LIENS<\/h2>\n\n\n\n<p>Les liens mis en place sur le site Beyond-the-Sea.com en direction de sites Internet externes&nbsp;ont fait l\u2019objet d\u2019une autorisation pr\u00e9alable et expresse. Toutefois, Beyond the Sea n\u2019\u00e9tant pas l\u2019\u00e9diteur de ces sites, il ne peut en contr\u00f4ler le contenu. En cons\u00e9quence, Beyond the Sea ne pourra en aucun cas \u00eatre tenu pour responsable du contenu des sites ainsi accessibles, ou des \u00e9ventuelles collectes et transmission de donn\u00e9es personnelles, installation de t\u00e9moins de connexion ou tout autre proc\u00e9d\u00e9 tendant aux m\u00eames fins, effectu\u00e9s par ces sites.<\/p>\n\n\n\n<p>Dans l\u2019hypoth\u00e8se o\u00f9 un utilisateur ou visiteur souhaiterait mettre en place un hyperlien en&nbsp;direction du site internet de BEYOND THE SEA, il lui appartiendra d\u2019adresser un email via le&nbsp;formulaire de contact accessible sur le site afin de formuler sa demande de mise en place d\u2019un hyperlien. BEYOND THE SEA se r\u00e9serve le droit d\u2019accepter ou de&nbsp; refuser un hyperlien sans avoir \u00e0 en justifier sa d\u00e9cision.<\/p>\n\n\n\n<h2 class=\"wp-block-heading\">DROIT APPLICABLE<\/h2>\n\n\n\n<p>Les pr\u00e9sentes conditions du site beyond-the-sea.com sont r\u00e9gies par les lois fran\u00e7aises et toute contestation ou litiges qui pourraient na\u00eetre de l\u2019interpr\u00e9tation ou de l\u2019ex\u00e9cution de&nbsp;celles-ci seront de la comp\u00e9tence exclusive des tribunaux dont d\u00e9pend le si\u00e8ge social de la soci\u00e9t\u00e9.<br>La majorit\u00e9 des contenus et services en ligne sur le Site Beyond-the-Sea.com sont propos\u00e9s en fran\u00e7ais et en anglais. En cas de litige, c\u2019est la langue fran\u00e7aise qui fera foi.<\/p>\n","protected":false},"excerpt":{"rendered":"<p>INFORMATIONS L\u00c9GALES Le site internet beyond-the-sea.com est la propri\u00e9t\u00e9 de :\u00a0 BEYOND THE SEA, Soci\u00e9t\u00e9 par Actions simplifi\u00e9e,ayant son si\u00e8ge [&hellip;]<\/p>\n","protected":false},"author":1,"featured_media":0,"parent":0,"menu_order":0,"comment_status":"closed","ping_status":"closed","template":"","meta":{"_acf_changed":false,"content-type":"","om_disable_all_campaigns":false,"_monsterinsights_skip_tracking":false,"_monsterinsights_sitenote_active":false,"_monsterinsights_sitenote_note":"","_monsterinsights_sitenote_category":0,"_uf_show_specific_survey":0,"_uf_disable_surveys":false,"footnotes":""},"class_list":["post-3352","page","type-page","status-publish","hentry"],"acf":[],"aioseo_notices":[],"yoast_head":"<!-- This site is optimized with the Yoast SEO plugin v27.1.1 - https:\/\/yoast.com\/product\/yoast-seo-wordpress\/ -->\n<title>Mentions l\u00e9gales - Beyond the sea<\/title>\n<meta name=\"robots\" content=\"index, follow, max-snippet:-1, max-image-preview:large, max-video-preview:-1\" \/>\n<link rel=\"canonical\" href=\"https:\/\/beyond-the-sea.com\/en\/mentions-legales\/\" \/>\n<meta property=\"og:locale\" content=\"en_US\" \/>\n<meta property=\"og:type\" content=\"article\" \/>\n<meta property=\"og:title\" content=\"Mentions l\u00e9gales - Beyond the sea\" \/>\n<meta property=\"og:description\" content=\"INFORMATIONS L\u00c9GALES Le site internet beyond-the-sea.com est la propri\u00e9t\u00e9 de :\u00a0 BEYOND THE SEA, Soci\u00e9t\u00e9 par Actions simplifi\u00e9e,ayant son si\u00e8ge [&hellip;]\" \/>\n<meta property=\"og:url\" content=\"https:\/\/beyond-the-sea.com\/en\/mentions-legales\/\" \/>\n<meta property=\"og:site_name\" content=\"Beyond the sea\" \/>\n<meta property=\"article:publisher\" content=\"https:\/\/www.facebook.com\/Beyond-the-sea-1593692350864652\/\" \/>\n<meta property=\"article:modified_time\" content=\"2025-01-08T07:23:53+00:00\" \/>\n<meta name=\"twitter:card\" content=\"summary_large_image\" \/>\n<meta name=\"twitter:site\" content=\"@beyond_parlier\" \/>\n<meta name=\"twitter:label1\" content=\"Est. reading time\" \/>\n\t<meta name=\"twitter:data1\" content=\"6 minutes\" \/>\n<script type=\"application\/ld+json\" class=\"yoast-schema-graph\">{\"@context\":\"https:\/\/schema.org\",\"@graph\":[{\"@type\":\"WebPage\",\"@id\":\"https:\/\/beyond-the-sea.com\/en\/mentions-legales\/\",\"url\":\"https:\/\/beyond-the-sea.com\/en\/mentions-legales\/\",\"name\":\"Mentions l\u00e9gales - Beyond the sea\",\"isPartOf\":{\"@id\":\"https:\/\/beyond-the-sea.com\/#website\"},\"datePublished\":\"2022-07-29T09:41:37+00:00\",\"dateModified\":\"2025-01-08T07:23:53+00:00\",\"breadcrumb\":{\"@id\":\"https:\/\/beyond-the-sea.com\/en\/mentions-legales\/#breadcrumb\"},\"inLanguage\":\"en-US\",\"potentialAction\":[{\"@type\":\"ReadAction\",\"target\":[\"https:\/\/beyond-the-sea.com\/en\/mentions-legales\/\"]}]},{\"@type\":\"BreadcrumbList\",\"@id\":\"https:\/\/beyond-the-sea.com\/en\/mentions-legales\/#breadcrumb\",\"itemListElement\":[{\"@type\":\"ListItem\",\"position\":1,\"name\":\"Home\",\"item\":\"https:\/\/beyond-the-sea.com\/en\/accueil\/\"},{\"@type\":\"ListItem\",\"position\":2,\"name\":\"Mentions l\u00e9gales\"}]},{\"@type\":\"WebSite\",\"@id\":\"https:\/\/beyond-the-sea.com\/#website\",\"url\":\"https:\/\/beyond-the-sea.com\/\",\"name\":\"Beyond the sea\",\"description\":\"Solution de traction par kite pens\u00e9e par les marins, pour les marins\",\"publisher\":{\"@id\":\"https:\/\/beyond-the-sea.com\/#organization\"},\"potentialAction\":[{\"@type\":\"SearchAction\",\"target\":{\"@type\":\"EntryPoint\",\"urlTemplate\":\"https:\/\/beyond-the-sea.com\/?s={search_term_string}\"},\"query-input\":{\"@type\":\"PropertyValueSpecification\",\"valueRequired\":true,\"valueName\":\"search_term_string\"}}],\"inLanguage\":\"en-US\"},{\"@type\":\"Organization\",\"@id\":\"https:\/\/beyond-the-sea.com\/#organization\",\"name\":\"Beyond the Sea \u00ae\",\"url\":\"https:\/\/beyond-the-sea.com\/\",\"logo\":{\"@type\":\"ImageObject\",\"inLanguage\":\"en-US\",\"@id\":\"https:\/\/beyond-the-sea.com\/#\/schema\/logo\/image\/\",\"url\":\"https:\/\/beyond-the-sea.com\/wp-content\/uploads\/2022\/07\/beyondthesea.svg\",\"contentUrl\":\"https:\/\/beyond-the-sea.com\/wp-content\/uploads\/2022\/07\/beyondthesea.svg\",\"width\":1,\"height\":1,\"caption\":\"Beyond the Sea \u00ae\"},\"image\":{\"@id\":\"https:\/\/beyond-the-sea.com\/#\/schema\/logo\/image\/\"},\"sameAs\":[\"https:\/\/www.facebook.com\/Beyond-the-sea-1593692350864652\/\",\"https:\/\/x.com\/beyond_parlier\",\"https:\/\/www.linkedin.com\/company\/beyond-the-sea-sas\/\",\"https:\/\/www.instagram.com\/beyondthesea_kite\/\",\"https:\/\/www.youtube.com\/channel\/UCwcjfZuJ0bl1uB-MUHZqSlQ\"]}]}<\/script>\n<!-- \/ Yoast SEO plugin. -->","yoast_head_json":{"title":"Mentions l\u00e9gales - Beyond the sea","robots":{"index":"index","follow":"follow","max-snippet":"max-snippet:-1","max-image-preview":"max-image-preview:large","max-video-preview":"max-video-preview:-1"},"canonical":"https:\/\/beyond-the-sea.com\/en\/mentions-legales\/","og_locale":"en_US","og_type":"article","og_title":"Mentions l\u00e9gales - Beyond the sea","og_description":"INFORMATIONS L\u00c9GALES Le site internet beyond-the-sea.com est la propri\u00e9t\u00e9 de :\u00a0 BEYOND THE SEA, Soci\u00e9t\u00e9 par Actions simplifi\u00e9e,ayant son si\u00e8ge [&hellip;]","og_url":"https:\/\/beyond-the-sea.com\/en\/mentions-legales\/","og_site_name":"Beyond the sea","article_publisher":"https:\/\/www.facebook.com\/Beyond-the-sea-1593692350864652\/","article_modified_time":"2025-01-08T07:23:53+00:00","twitter_card":"summary_large_image","twitter_site":"@beyond_parlier","twitter_misc":{"Est. reading time":"6 minutes"},"schema":{"@context":"https:\/\/schema.org","@graph":[{"@type":"WebPage","@id":"https:\/\/beyond-the-sea.com\/en\/mentions-legales\/","url":"https:\/\/beyond-the-sea.com\/en\/mentions-legales\/","name":"Mentions l\u00e9gales - Beyond the sea","isPartOf":{"@id":"https:\/\/beyond-the-sea.com\/#website"},"datePublished":"2022-07-29T09:41:37+00:00","dateModified":"2025-01-08T07:23:53+00:00","breadcrumb":{"@id":"https:\/\/beyond-the-sea.com\/en\/mentions-legales\/#breadcrumb"},"inLanguage":"en-US","potentialAction":[{"@type":"ReadAction","target":["https:\/\/beyond-the-sea.com\/en\/mentions-legales\/"]}]},{"@type":"BreadcrumbList","@id":"https:\/\/beyond-the-sea.com\/en\/mentions-legales\/#breadcrumb","itemListElement":[{"@type":"ListItem","position":1,"name":"Home","item":"https:\/\/beyond-the-sea.com\/en\/accueil\/"},{"@type":"ListItem","position":2,"name":"Mentions l\u00e9gales"}]},{"@type":"WebSite","@id":"https:\/\/beyond-the-sea.com\/#website","url":"https:\/\/beyond-the-sea.com\/","name":"Beyond the sea","description":"Solution de traction par kite pens\u00e9e par les marins, pour les marins","publisher":{"@id":"https:\/\/beyond-the-sea.com\/#organization"},"potentialAction":[{"@type":"SearchAction","target":{"@type":"EntryPoint","urlTemplate":"https:\/\/beyond-the-sea.com\/?s={search_term_string}"},"query-input":{"@type":"PropertyValueSpecification","valueRequired":true,"valueName":"search_term_string"}}],"inLanguage":"en-US"},{"@type":"Organization","@id":"https:\/\/beyond-the-sea.com\/#organization","name":"Beyond the Sea \u00ae","url":"https:\/\/beyond-the-sea.com\/","logo":{"@type":"ImageObject","inLanguage":"en-US","@id":"https:\/\/beyond-the-sea.com\/#\/schema\/logo\/image\/","url":"https:\/\/beyond-the-sea.com\/wp-content\/uploads\/2022\/07\/beyondthesea.svg","contentUrl":"https:\/\/beyond-the-sea.com\/wp-content\/uploads\/2022\/07\/beyondthesea.svg","width":1,"height":1,"caption":"Beyond the Sea \u00ae"},"image":{"@id":"https:\/\/beyond-the-sea.com\/#\/schema\/logo\/image\/"},"sameAs":["https:\/\/www.facebook.com\/Beyond-the-sea-1593692350864652\/","https:\/\/x.com\/beyond_parlier","https:\/\/www.linkedin.com\/company\/beyond-the-sea-sas\/","https:\/\/www.instagram.com\/beyondthesea_kite\/","https:\/\/www.youtube.com\/channel\/UCwcjfZuJ0bl1uB-MUHZqSlQ"]}]}},"_links":{"self":[{"href":"https:\/\/beyond-the-sea.com\/en\/wp-json\/wp\/v2\/pages\/3352","targetHints":{"allow":["GET"]}}],"collection":[{"href":"https:\/\/beyond-the-sea.com\/en\/wp-json\/wp\/v2\/pages"}],"about":[{"href":"https:\/\/beyond-the-sea.com\/en\/wp-json\/wp\/v2\/types\/page"}],"author":[{"embeddable":true,"href":"https:\/\/beyond-the-sea.com\/en\/wp-json\/wp\/v2\/users\/1"}],"replies":[{"embeddable":true,"href":"https:\/\/beyond-the-sea.com\/en\/wp-json\/wp\/v2\/comments?post=3352"}],"version-history":[{"count":3,"href":"https:\/\/beyond-the-sea.com\/en\/wp-json\/wp\/v2\/pages\/3352\/revisions"}],"predecessor-version":[{"id":5569,"href":"https:\/\/beyond-the-sea.com\/en\/wp-json\/wp\/v2\/pages\/3352\/revisions\/5569"}],"wp:attachment":[{"href":"https:\/\/beyond-the-sea.com\/en\/wp-json\/wp\/v2\/media?parent=3352"}],"curies":[{"name":"wp","href":"https:\/\/api.w.org\/{rel}","templated":true}]}}